{"id":486,"date":"2023-08-07T14:08:32","date_gmt":"2023-08-07T14:08:32","guid":{"rendered":"https:\/\/business-one.local\/?page_id=486"},"modified":"2026-03-24T05:55:47","modified_gmt":"2026-03-24T05:55:47","slug":"contact","status":"publish","type":"page","link":"https:\/\/junchicn.com\/pt\/contact\/","title":{"rendered":"Contacto"},"content":{"rendered":"<section class=\"gbp-section\">\n<div class=\"gbp-section__inner gb-element-5706cd50\">\n<div class=\"gb-element-acae8e5a\">\n<p class=\"gb-text gbp-section__tagline\">Contacto<\/p>\n\n\n\n<h2 class=\"gb-text gbp-section__headline gb-text-50de6661\">Contactar-nos<\/h2>\n\n\n\n<p class=\"gb-text gbp-section__text\">Para quest\u00f5es sobre sistemas de climatiza\u00e7\u00e3o autom\u00f3vel, Actuadores da porta de mistura ou V\u00e1lvulas de controlo do aquecedor<br><a href=\"http:\/\/junchicn.com\/pt\/7-wire-water-valve\/\"><\/a>a nossa equipa est\u00e1 pronta para o ajudar. Apoio r\u00e1pido e fi\u00e1vel para as suas necessidades. Vamos juntos promover a mobilidade sustent\u00e1vel.<\/p>\n<\/div>\n<\/div>\n\n\n\n<div class=\"gbp-section__inner gb-element-073910d2\">\n<div class=\"gb-element-18d3861f\">\n<h3 class=\"gbp-card__title gb-text-fed82483\"><span class=\"gb-shape\"><svg xmlns=\"http:\/\/www.w3.org\/2000\/svg\" fill=\"currentColor\" viewbox=\"0 -1 34 34\"><g fill=\"none\" fill-rule=\"evenodd\"><path d=\"M1 0h32v32H1z\"><\/path><path fill=\"currentColor\" d=\"M33 26a3 3 0 0 1-3 3h-1a4 4 0 0 1-4-4v-4a4 4 0 0 1 4-4h1c.341 0 .67.057.975.162C30.542 9.82 24.451 4 17 4 9.55 4 3.458 9.82 3.025 17.162 3.33 17.057 3.659 17 4 17h1a4 4 0 0 1 4 4v4a4 4 0 0 1-4 4H4a3 3 0 0 1-3-3v-8C1 9.163 8.163 2 17 2c8.731 0 15.83 6.994 15.997 15.685L33 18z\"><\/path><\/g><\/svg><\/span><span class=\"gb-text\">N\u00famero de contacto<\/span><\/h3>\n\n\n\n<p class=\"gb-text gb-text-60a1d1b4\"><a href=\"tel:+86-0371-65369537\" data-type=\"tel\" data-id=\"tel:+86-0371-65369537\">+86-0371-65369537<\/a><\/p>\n<\/div>\n\n\n\n<div class=\"gb-element-6b2f4ef8\">\n<h3 class=\"gbp-card__title gb-text-3f614339\"><span class=\"gb-shape\"><svg aria-hidden=\"true\" role=\"img\" height=\"1em\" width=\"1em\" viewbox=\"0 0 512 512\" xmlns=\"http:\/\/www.w3.org\/2000\/svg\"><path fill=\"currentColor\" d=\"M464 64H48C21.49 64 0 85.49 0 112v288c0 26.51 21.49 48 48 48h416c26.51 0 48-21.49 48-48V112c0-26.51-21.49-48-48-48zm0 48v40.805c-22.422 18.259-58.168 46.651-134.587 106.49-16.841 13.247-50.201 45.072-73.413 44.701-23.208.375-56.579-31.459-73.413-44.701C106.18 199.465 70.425 171.067 48 152.805V112h416zM48 400V214.398c22.914 18.251 55.409 43.862 104.938 82.646 21.857 17.205 60.134 55.186 103.062 54.955 42.717.231 80.509-37.199 103.053-54.947 49.528-38.783 82.032-64.401 104.947-82.653V400H48z\"><\/path><\/svg><\/span><span class=\"gb-text\">Endere\u00e7o de correio eletr\u00f3nico<\/span><\/h3>\n\n\n\n<p class=\"gb-text gb-text-92ee8fcd\"><a href=\"mailto:info@junchicn.com\" data-type=\"mailto\" data-id=\"mailto:info@junchicn.com\">info@junchicn.com<\/a><\/p>\n<\/div>\n\n\n\n<div class=\"gb-element-a5a4dee7\">\n<h3 class=\"gbp-card__title gb-text-b90155e3\"><span class=\"gb-shape\"><svg aria-hidden=\"true\" role=\"img\" height=\"1em\" width=\"1em\" viewbox=\"0 0 384 512\" xmlns=\"http:\/\/www.w3.org\/2000\/svg\"><path fill=\"currentColor\" d=\"M172.268 501.67C26.97 291.031 0 269.413 0 192 0 85.961 85.961 0 192 0s192 85.961 192 192c0 77.413-26.97 99.031-172.268 309.67-9.535 13.774-29.93 13.773-39.464 0zM192 272c44.183 0 80-35.817 80-80s-35.817-80-80-80-80 35.817-80 80 35.817 80 80 80z\"><\/path><\/svg><\/span><span class=\"gb-text\">Localiza\u00e7\u00e3o<\/span><\/h3>\n\n\n\n<p class=\"gb-text gb-text-f3bf6223\">No. 268 Huagong Road,<br>Zhengzhou, Henan 450001 China<\/p>\n<\/div>\n<\/div>\n<\/section>\n\n\n\n<div class=\"gbp-section gb-element-935b8c42\">\n<div class=\"gbp-section__inner gb-element-797681a1\">\n<div class=\"gb-element-7c71c7a0\">\n<div>\n<figure class=\"wp-block-image size-full\"><img loading=\"lazy\" decoding=\"async\" width=\"768\" height=\"512\" src=\"http:\/\/junchicn.com\/wp-content\/uploads\/2026\/03\/3.jpg\" alt=\"\" class=\"wp-image-48211\" srcset=\"https:\/\/junchicn.com\/wp-content\/uploads\/2026\/03\/3.jpg 768w, https:\/\/junchicn.com\/wp-content\/uploads\/2026\/03\/3-300x200.jpg 300w, https:\/\/junchicn.com\/wp-content\/uploads\/2026\/03\/3-18x12.jpg 18w\" sizes=\"auto, (max-width: 768px) 100vw, 768px\" \/><\/figure>\n<\/div>\n\n\n\n<div class=\"forminator-guttenberg\"><div class=\"forminator-ui forminator-custom-form forminator-custom-form-48225 forminator-design--default  forminator_ajax\" data-forminator-render=\"0\" data-form=\"forminator-module-48225\" data-uid=\"69e7837f46038\"><br\/><\/div><form\n\t\t\t\tid=\"forminator-module-48225\"\n\t\t\t\tclass=\"forminator-ui forminator-custom-form forminator-custom-form-48225 forminator-design--default  forminator_ajax\"\n\t\t\t\tmethod=\"post\"\n\t\t\t\tdata-forminator-render=\"0\"\n\t\t\t\tdata-form-id=\"48225\"\n\t\t\t\t data-color-option=\"theme\" data-design=\"default\" data-grid=\"open\" style=\"display: none;\"\n\t\t\t\tdata-uid=\"69e7837f46038\" action=\"\"\n\t\t\t><div role=\"alert\" aria-live=\"polite\" class=\"forminator-response-message forminator-error\" aria-hidden=\"true\"><\/div><div class=\"forminator-row\"><div id=\"name-1\" class=\"forminator-field-name forminator-col forminator-col-12\"><div class=\"forminator-field\"><label for=\"forminator-field-name-1_69e7837f46038\" id=\"forminator-field-name-1_69e7837f46038-label\" class=\"forminator-label\">First Name <span class=\"forminator-required\">*<\/span><\/label><input type=\"text\" name=\"name-1\" value=\"\" placeholder=\"\" id=\"forminator-field-name-1_69e7837f46038\" class=\"forminator-input forminator-name--field\" aria-required=\"true\" autocomplete=\"name\" \/><\/div><\/div><\/div><div class=\"forminator-row\"><div id=\"email-1\" class=\"forminator-field-email forminator-col forminator-col-12\"><div class=\"forminator-field\"><label for=\"forminator-field-email-1_69e7837f46038\" id=\"forminator-field-email-1_69e7837f46038-label\" class=\"forminator-label\">Email Address <span class=\"forminator-required\">*<\/span><\/label><input type=\"email\" name=\"email-1\" value=\"\" placeholder=\"\" id=\"forminator-field-email-1_69e7837f46038\" class=\"forminator-input forminator-email--field\" data-required=\"true\" aria-required=\"true\" autocomplete=\"email\" \/><\/div><\/div><\/div><div class=\"forminator-row\"><div id=\"textarea-1\" class=\"forminator-field-textarea forminator-col forminator-col-12\"><div class=\"forminator-field\"><label for=\"forminator-field-textarea-1_69e7837f46038\" id=\"forminator-field-textarea-1_69e7837f46038-label\" class=\"forminator-label\">Mensagem<\/label><span id=\"forminator-field-textarea-1_69e7837f46038-description\" class=\"forminator-description\"><span data-limit=\"180\" data-type=\"characters\" data-editor=\"\">0 \/ 180<\/span><\/span><textarea name=\"textarea-1\" placeholder=\"\" id=\"forminator-field-textarea-1_69e7837f46038\" class=\"forminator-textarea\" rows=\"6\" style=\"min-height:140px;\" maxlength=\"180\" ><\/textarea><\/div><\/div><\/div><input type=\"hidden\" name=\"referer_url\" value=\"\" \/><div class=\"forminator-row forminator-row-last\"><div class=\"forminator-col\"><div class=\"forminator-field\"><button class=\"forminator-button forminator-button-submit\">Enviar<\/button><\/div><\/div><\/div><input type=\"hidden\" id=\"forminator_nonce\" name=\"forminator_nonce\" value=\"9b3a0983cb\" \/><input type=\"hidden\" name=\"_wp_http_referer\" value=\"\/pt\/wp-json\/wp\/v2\/pages\/486\" \/><input type=\"hidden\" name=\"form_id\" value=\"48225\"><input type=\"hidden\" name=\"page_id\" value=\"486\"><input type=\"hidden\" name=\"form_type\" value=\"default\"><input type=\"hidden\" name=\"current_url\" value=\"https:\/\/junchicn.com\/pt\/contact\/\"><input type=\"hidden\" name=\"render_id\" value=\"0\"><input type=\"hidden\" name=\"action\" value=\"forminator_submit_form_custom-forms\"><label for=\"input_4\" class=\"forminator-hidden\" aria-hidden=\"true\">Please do not fill in this field. <input id=\"input_4\" type=\"text\" name=\"input_4\" value=\"\" autocomplete=\"off\"><\/label><input type=\"hidden\" name=\"trp-form-language\" value=\"pt\"\/><\/form><\/div>\n<\/div>\n<\/div>\n<\/div>","protected":false},"excerpt":{"rendered":"<p>Contact Contact us For inquiries about automotive climate systems, Blend Door Actuators, or Heater Control Valves, our team is ready to assist. Quick, reliable support for your needs. Let\u2019s advance sustainable mobility together. Contact number +86-0371-65369537 Email address info@junchicn.com Location No. 268 Huagong Road,Zhengzhou, Henan 450001 China<\/p>","protected":false},"author":1,"featured_media":0,"parent":0,"menu_order":0,"comment_status":"closed","ping_status":"closed","template":"","meta":{"footnotes":""},"class_list":["post-486","page","type-page","status-publish"],"_links":{"self":[{"href":"https:\/\/junchicn.com\/pt\/wp-json\/wp\/v2\/pages\/486","targetHints":{"allow":["GET"]}}],"collection":[{"href":"https:\/\/junchicn.com\/pt\/wp-json\/wp\/v2\/pages"}],"about":[{"href":"https:\/\/junchicn.com\/pt\/wp-json\/wp\/v2\/types\/page"}],"author":[{"embeddable":true,"href":"https:\/\/junchicn.com\/pt\/wp-json\/wp\/v2\/users\/1"}],"replies":[{"embeddable":true,"href":"https:\/\/junchicn.com\/pt\/wp-json\/wp\/v2\/comments?post=486"}],"version-history":[{"count":7,"href":"https:\/\/junchicn.com\/pt\/wp-json\/wp\/v2\/pages\/486\/revisions"}],"predecessor-version":[{"id":48226,"href":"https:\/\/junchicn.com\/pt\/wp-json\/wp\/v2\/pages\/486\/revisions\/48226"}],"wp:attachment":[{"href":"https:\/\/junchicn.com\/pt\/wp-json\/wp\/v2\/media?parent=486"}],"curies":[{"name":"wp","href":"https:\/\/api.w.org\/{rel}","templated":true}]}}