{"id":43520,"date":"2024-11-30T16:51:30","date_gmt":"2024-11-30T16:51:30","guid":{"rendered":"https:\/\/sites.generatepress.com\/linguo\/?page_id=43520"},"modified":"2026-03-23T09:17:44","modified_gmt":"2026-03-23T09:17:44","slug":"about","status":"publish","type":"page","link":"https:\/\/junchicn.com\/pt\/about\/","title":{"rendered":"Sobre"},"content":{"rendered":"<div class=\"gbp-section gb-element-acc9ec34\">\n<div class=\"gbp-section__inner gb-element-5605344e\">\n<div class=\"gb-element-9437f69b\">\n<p class=\"gb-text gbp-section__tagline\">Sobre n\u00f3s<\/p>\n\n\n\n<h5 class=\"gb-text gbp-section__headline gb-text-0542e490\">At Zhengzhou Junchi Tech Co., Ltd., we engineer precision climate control solutions for the automotive industry \u2014 from HVAC assemblies to advanced electronic systems.<br>Driven by innovation and rooted in integrity, we deliver reliable, high-performance products that meet global standards \u2014 because your trust is our most valuable asset.<\/h5>\n\n\n\n<div class=\"gb-element-7acf17c2\"><\/div>\n<\/div>\n<\/div>\n<\/div>\n\n\n\n<div class=\"gbp-section gb-element-06c17342\">\n<div class=\"gbp-section__inner gb-element-06f3b13d\">\n<img loading=\"lazy\" decoding=\"async\" width=\"500\" height=\"590\" class=\"gb-media-0c481361\" title=\"1\" alt=\"\" src=\"http:\/\/junchicn.com\/wp-content\/uploads\/2025\/08\/1.jpg\" srcset=\"https:\/\/junchicn.com\/wp-content\/uploads\/2025\/08\/1.jpg 500w, https:\/\/junchicn.com\/wp-content\/uploads\/2025\/08\/1-254x300.jpg 254w\" sizes=\"auto, (max-width: 500px) 100vw, 500px\" \/>\n\n\n\n<div class=\"gb-element-997a73d6\">\n<p class=\"gb-text gbp-section__tagline gb-text-16d0d5dc\">Sobre n\u00f3s<\/p>\n\n\n\n<h2 class=\"gb-text gbp-section__headline\">Valores da empresa Junchi<\/h2>\n\n\n\n<p class=\"gb-text gbp-section__text\">Fornecedor profissional global de sistema AVAC para ve\u00edculos VERDES .<\/p>\n\n\n\n<div class=\"gb-element-a9640d9e\">\n<div class=\"gb-element-8cd87cf1\">\n<span class=\"gb-shape gb-shape-1af24054\"><svg viewbox=\"0 0 256 256\" height=\"32\" width=\"32\" xmlns=\"http:\/\/www.w3.org\/2000\/svg\"><path d=\"M176.49,95.51a12,12,0,0,1,0,17l-56,56a12,12,0,0,1-17,0l-24-24a12,12,0,1,1,17-17L112,143l47.51-47.52A12,12,0,0,1,176.49,95.51ZM236,128A108,108,0,1,1,128,20,108.12,108.12,0,0,1,236,128Zm-24,0a84,84,0,1,0-84,84A84.09,84.09,0,0,0,212,128Z\"><\/path><\/svg><\/span>\n\n\n\n<div class=\"gb-element-ee8c36ac\">\n<h3 class=\"gb-text gb-text-d6f539e4\">Inova\u00e7\u00e3o<\/h3>\n\n\n\n<p class=\"gb-text gb-text-4a43a638\">Abra\u00e7ar a mudan\u00e7a - Fomentamos uma cultura de inova\u00e7\u00e3o, onde a criatividade e a vis\u00e3o de futuro impulsionam a nossa evolu\u00e7\u00e3o. O nosso compromisso de nos mantermos na vanguarda garante que fornecemos solu\u00e7\u00f5es de ponta aos nossos clientes.<\/p>\n<\/div>\n<\/div>\n\n\n\n<div class=\"gb-element-cbeb8c0e\">\n<span class=\"gb-shape gb-shape-e9d71d55\"><svg viewbox=\"0 0 256 256\" height=\"32\" width=\"32\" xmlns=\"http:\/\/www.w3.org\/2000\/svg\"><path d=\"M176.49,95.51a12,12,0,0,1,0,17l-56,56a12,12,0,0,1-17,0l-24-24a12,12,0,1,1,17-17L112,143l47.51-47.52A12,12,0,0,1,176.49,95.51ZM236,128A108,108,0,1,1,128,20,108.12,108.12,0,0,1,236,128Zm-24,0a84,84,0,1,0-84,84A84.09,84.09,0,0,0,212,128Z\"><\/path><\/svg><\/span>\n\n\n\n<div class=\"gb-element-6ce30ec1\">\n<h3 class=\"gb-text gb-text-a023e289\">Integridade<\/h3>\n\n\n\n<p class=\"gb-text gb-text-1e2b7074\">Manter a confian\u00e7a - Na nossa ess\u00eancia, a integridade \u00e9 a b\u00fassola que orienta as nossas ac\u00e7\u00f5es. Dedicamo-nos \u00e0 transpar\u00eancia, \u00e0 conduta \u00e9tica e \u00e0 honestidade em todos os nossos neg\u00f3cios, construindo confian\u00e7a em cada intera\u00e7\u00e3o.<\/p>\n<\/div>\n<\/div>\n\n\n\n<div class=\"gb-element-195e2b74\">\n<span class=\"gb-shape gb-shape-63674600\"><svg viewbox=\"0 0 256 256\" height=\"32\" width=\"32\" xmlns=\"http:\/\/www.w3.org\/2000\/svg\"><path d=\"M176.49,95.51a12,12,0,0,1,0,17l-56,56a12,12,0,0,1-17,0l-24-24a12,12,0,1,1,17-17L112,143l47.51-47.52A12,12,0,0,1,176.49,95.51ZM236,128A108,108,0,1,1,128,20,108.12,108.12,0,0,1,236,128Zm-24,0a84,84,0,1,0-84,84A84.09,84.09,0,0,0,212,128Z\"><\/path><\/svg><\/span>\n\n\n\n<div class=\"gb-element-0a033fd9\">\n<h3 class=\"gb-text gb-text-cc1794d8\">Excel\u00eancia<\/h3>\n\n\n\n<p class=\"gb-text gb-text-70569cd2\">Esfor\u00e7o para a grandeza - Somos incans\u00e1veis na nossa busca pela excel\u00eancia. A nossa equipa \u00e9 movida por uma paix\u00e3o pela qualidade, assegurando que cada produto e servi\u00e7o excede as expectativas e define o padr\u00e3o da ind\u00fastria.<\/p>\n<\/div>\n<\/div>\n<\/div>\n<\/div>\n<\/div>\n<\/div>\n\n\n\n<div class=\"gbp-section gb-element-c74934da\">\n<div class=\"gbp-section__inner gb-element-54302684\">\n<div class=\"gb-element-6d5e3062\">\n<p class=\"gb-text gbp-section__tagline\">Instrutores<\/p>\n\n\n\n<h2 class=\"gb-text gbp-section__headline\">Apresenta\u00e7\u00e3o da empresa<\/h2>\n\n\n\n<div class=\"gb-text gbp-section__text gb-text-b17da596\">A Zhengzhou Junchi Tech Co., Ltd. \u00e9 uma empresa de novas tecnologias que se concentra na I&amp;D, produ\u00e7\u00e3o e venda de HVAC para autom\u00f3veis e produtos relacionados. Os nossos produtos est\u00e3o principalmente no dom\u00ednio do sistema HVAC para autom\u00f3veis, painel de controlo, actuadores, motores, sensores de v\u00e1lvulas de \u00e1gua e outros aspectos de todo o software e hardware do sistema. A empresa tamb\u00e9m fornece montagem de ar condicionado para autom\u00f3veis HVAC. Os nossos produtos s\u00e3o amplamente utilizados nas \u00e1reas de autom\u00f3veis, carros de passageiros, cami\u00f5es, m\u00e1quinas de constru\u00e7\u00e3o e m\u00e1quinas agr\u00edcolas. Somos o fornecedor de pe\u00e7as de muitas f\u00e1bricas de autom\u00f3veis na China e no estrangeiro. Trabalhamos diretamente com os nossos clientes na resolu\u00e7\u00e3o dos seus problemas. A Junchi foca-se na satisfa\u00e7\u00e3o do cliente e no aumento da satisfa\u00e7\u00e3o e confian\u00e7a do cliente. Tomando a melhoria cont\u00ednua como princ\u00edpio de gest\u00e3o, fornecendo produtos e servi\u00e7os de alta qualidade.<br>Ao mesmo tempo, a Junchi passou e certificou o sistema de qualidade ISO 9001:2015 e o sistema de gest\u00e3o de qualidade IATF16949:2016, o sistema de gest\u00e3o de prote\u00e7\u00e3o ambiental ISO14001:2015 e o sistema de gest\u00e3o de carreira saud\u00e1vel ISO45001:2018.<\/div>\n<\/div>\n<\/div>\n<\/div>\n\n\n\n<div class=\"gbp-section gb-element-f1f35e59\">\n<div class=\"gbp-section__inner gb-element-84fa265f\">\n<div class=\"gb-element-62e208aa\">\n<p class=\"gb-text gbp-section__tagline\">Estat\u00edsticas<\/p>\n\n\n\n<h2 class=\"gb-text gbp-section__headline\">Especializado em controlo da climatiza\u00e7\u00e3o autom\u00f3vel, actuadores da porta de mistura e v\u00e1lvulas de controlo do aquecedor<\/h2>\n\n\n\n<ul class=\"gb-element-5fed47d5\">\n<li class=\"gb-element-9046a3db\">\n<div class=\"gb-text gb-text-356e9f85\">200x<\/div>\n\n\n\n<p class=\"gb-text gb-text-4cb76940\">Melhoria da produtividade<\/p>\n<\/li>\n\n\n\n<li class=\"gb-element-5cd3507b\">\n<div class=\"gb-text gb-text-5c808f44\">600+<\/div>\n\n\n\n<p class=\"gb-text gb-text-1b570773\">Avalia\u00e7\u00f5es 5 estrelas<\/p>\n<\/li>\n\n\n\n<li class=\"gb-element-b0a20451\">\n<div class=\"gb-text gb-text-54445df2\">200%<\/div>\n\n\n\n<p class=\"gb-text gb-text-8381aa84\">Aumentar o rendimento<\/p>\n<\/li>\n\n\n\n<li class=\"gb-element-c298f2ef\">\n<div class=\"gb-text gb-text-5f8c07e3\">1000+<\/div>\n\n\n\n<p class=\"gb-text gb-text-a5091794\">Parceiros satisfeitos em todo o mundo<\/p>\n<\/li>\n<\/ul>\n<\/div>\n\n\n\n<figure class=\"wp-block-image size-full\"><img loading=\"lazy\" decoding=\"async\" width=\"768\" height=\"512\" src=\"https:\/\/junchicn.com\/wp-content\/uploads\/2026\/03\/3-1.jpg\" alt=\"\" class=\"wp-image-48213\" srcset=\"https:\/\/junchicn.com\/wp-content\/uploads\/2026\/03\/3-1.jpg 768w, https:\/\/junchicn.com\/wp-content\/uploads\/2026\/03\/3-1-300x200.jpg 300w, https:\/\/junchicn.com\/wp-content\/uploads\/2026\/03\/3-1-18x12.jpg 18w\" sizes=\"auto, (max-width: 768px) 100vw, 768px\" \/><\/figure>\n<\/div>\n<\/div>","protected":false},"excerpt":{"rendered":"<p>About us At Zhengzhou Junchi Tech Co., Ltd., we engineer precision climate control solutions for the automotive industry \u2014 from HVAC assemblies to advanced electronic systems.Driven by innovation and rooted in integrity, we deliver reliable, high-performance products that meet global standards \u2014 because your trust is our most valuable asset. About us Junchi Company Values &#8230; <a title=\"Sobre\" class=\"read-more\" href=\"https:\/\/junchicn.com\/pt\/about\/\" aria-label=\"Leia mais sobre About\">Ler mais<\/a><\/p>","protected":false},"author":1,"featured_media":0,"parent":0,"menu_order":0,"comment_status":"closed","ping_status":"closed","template":"","meta":{"footnotes":""},"class_list":["post-43520","page","type-page","status-publish"],"_links":{"self":[{"href":"https:\/\/junchicn.com\/pt\/wp-json\/wp\/v2\/pages\/43520","targetHints":{"allow":["GET"]}}],"collection":[{"href":"https:\/\/junchicn.com\/pt\/wp-json\/wp\/v2\/pages"}],"about":[{"href":"https:\/\/junchicn.com\/pt\/wp-json\/wp\/v2\/types\/page"}],"author":[{"embeddable":true,"href":"https:\/\/junchicn.com\/pt\/wp-json\/wp\/v2\/users\/1"}],"replies":[{"embeddable":true,"href":"https:\/\/junchicn.com\/pt\/wp-json\/wp\/v2\/comments?post=43520"}],"version-history":[{"count":9,"href":"https:\/\/junchicn.com\/pt\/wp-json\/wp\/v2\/pages\/43520\/revisions"}],"predecessor-version":[{"id":48220,"href":"https:\/\/junchicn.com\/pt\/wp-json\/wp\/v2\/pages\/43520\/revisions\/48220"}],"wp:attachment":[{"href":"https:\/\/junchicn.com\/pt\/wp-json\/wp\/v2\/media?parent=43520"}],"curies":[{"name":"wp","href":"https:\/\/api.w.org\/{rel}","templated":true}]}}