{"id":43520,"date":"2024-11-30T16:51:30","date_gmt":"2024-11-30T16:51:30","guid":{"rendered":"https:\/\/sites.generatepress.com\/linguo\/?page_id=43520"},"modified":"2026-03-23T09:17:44","modified_gmt":"2026-03-23T09:17:44","slug":"about","status":"publish","type":"page","link":"https:\/\/junchicn.com\/it\/about\/","title":{"rendered":"Circa"},"content":{"rendered":"<div class=\"gbp-section gb-element-acc9ec34\">\n<div class=\"gbp-section__inner gb-element-5605344e\">\n<div class=\"gb-element-9437f69b\">\n<p class=\"gb-text gbp-section__tagline\">Chi siamo<\/p>\n\n\n\n<h5 class=\"gb-text gbp-section__headline gb-text-0542e490\">At Zhengzhou Junchi Tech Co., Ltd., we engineer precision climate control solutions for the automotive industry \u2014 from HVAC assemblies to advanced electronic systems.<br>Driven by innovation and rooted in integrity, we deliver reliable, high-performance products that meet global standards \u2014 because your trust is our most valuable asset.<\/h5>\n\n\n\n<div class=\"gb-element-7acf17c2\"><\/div>\n<\/div>\n<\/div>\n<\/div>\n\n\n\n<div class=\"gbp-section gb-element-06c17342\">\n<div class=\"gbp-section__inner gb-element-06f3b13d\">\n<img loading=\"lazy\" decoding=\"async\" width=\"500\" height=\"590\" class=\"gb-media-0c481361\" title=\"1\" alt=\"\" src=\"http:\/\/junchicn.com\/wp-content\/uploads\/2025\/08\/1.jpg\" srcset=\"https:\/\/junchicn.com\/wp-content\/uploads\/2025\/08\/1.jpg 500w, https:\/\/junchicn.com\/wp-content\/uploads\/2025\/08\/1-254x300.jpg 254w\" sizes=\"auto, (max-width: 500px) 100vw, 500px\" \/>\n\n\n\n<div class=\"gb-element-997a73d6\">\n<p class=\"gb-text gbp-section__tagline gb-text-16d0d5dc\">Chi siamo<\/p>\n\n\n\n<h2 class=\"gb-text gbp-section__headline\">Valori aziendali Junchi<\/h2>\n\n\n\n<p class=\"gb-text gbp-section__text\">Fornitore professionale globale di sistema HVAC veicolare VERDE .<\/p>\n\n\n\n<div class=\"gb-element-a9640d9e\">\n<div class=\"gb-element-8cd87cf1\">\n<span class=\"gb-shape gb-shape-1af24054\"><svg viewbox=\"0 0 256 256\" height=\"32\" width=\"32\" xmlns=\"http:\/\/www.w3.org\/2000\/svg\"><path d=\"M176.49,95.51a12,12,0,0,1,0,17l-56,56a12,12,0,0,1-17,0l-24-24a12,12,0,1,1,17-17L112,143l47.51-47.52A12,12,0,0,1,176.49,95.51ZM236,128A108,108,0,1,1,128,20,108.12,108.12,0,0,1,236,128Zm-24,0a84,84,0,1,0-84,84A84.09,84.09,0,0,0,212,128Z\"><\/path><\/svg><\/span>\n\n\n\n<div class=\"gb-element-ee8c36ac\">\n<h3 class=\"gb-text gb-text-d6f539e4\">L'innovazione<\/h3>\n\n\n\n<p class=\"gb-text gb-text-4a43a638\">Abbracciare il cambiamento - Promuoviamo una cultura dell'innovazione, in cui creativit\u00e0 e lungimiranza guidano la nostra evoluzione. Il nostro impegno a rimanere al passo con i tempi ci permette di offrire ai nostri clienti soluzioni all'avanguardia.<\/p>\n<\/div>\n<\/div>\n\n\n\n<div class=\"gb-element-cbeb8c0e\">\n<span class=\"gb-shape gb-shape-e9d71d55\"><svg viewbox=\"0 0 256 256\" height=\"32\" width=\"32\" xmlns=\"http:\/\/www.w3.org\/2000\/svg\"><path d=\"M176.49,95.51a12,12,0,0,1,0,17l-56,56a12,12,0,0,1-17,0l-24-24a12,12,0,1,1,17-17L112,143l47.51-47.52A12,12,0,0,1,176.49,95.51ZM236,128A108,108,0,1,1,128,20,108.12,108.12,0,0,1,236,128Zm-24,0a84,84,0,1,0-84,84A84.09,84.09,0,0,0,212,128Z\"><\/path><\/svg><\/span>\n\n\n\n<div class=\"gb-element-6ce30ec1\">\n<h3 class=\"gb-text gb-text-a023e289\">Integrit\u00e0<\/h3>\n\n\n\n<p class=\"gb-text gb-text-1e2b7074\">Sostenere la fiducia - L'integrit\u00e0 \u00e8 la bussola che guida le nostre azioni. Ci dedichiamo alla trasparenza, alla condotta etica e all'onest\u00e0 in tutti i nostri rapporti, creando fiducia in ogni interazione.<\/p>\n<\/div>\n<\/div>\n\n\n\n<div class=\"gb-element-195e2b74\">\n<span class=\"gb-shape gb-shape-63674600\"><svg viewbox=\"0 0 256 256\" height=\"32\" width=\"32\" xmlns=\"http:\/\/www.w3.org\/2000\/svg\"><path d=\"M176.49,95.51a12,12,0,0,1,0,17l-56,56a12,12,0,0,1-17,0l-24-24a12,12,0,1,1,17-17L112,143l47.51-47.52A12,12,0,0,1,176.49,95.51ZM236,128A108,108,0,1,1,128,20,108.12,108.12,0,0,1,236,128Zm-24,0a84,84,0,1,0-84,84A84.09,84.09,0,0,0,212,128Z\"><\/path><\/svg><\/span>\n\n\n\n<div class=\"gb-element-0a033fd9\">\n<h3 class=\"gb-text gb-text-cc1794d8\">Eccellenza<\/h3>\n\n\n\n<p class=\"gb-text gb-text-70569cd2\">Tendere alla grandezza - La nostra ricerca dell'eccellenza \u00e8 incessante. Il nostro team \u00e8 guidato dalla passione per la qualit\u00e0, garantendo che ogni prodotto e servizio superi le aspettative e stabilisca gli standard del settore.<\/p>\n<\/div>\n<\/div>\n<\/div>\n<\/div>\n<\/div>\n<\/div>\n\n\n\n<div class=\"gbp-section gb-element-c74934da\">\n<div class=\"gbp-section__inner gb-element-54302684\">\n<div class=\"gb-element-6d5e3062\">\n<p class=\"gb-text gbp-section__tagline\">Istruttori<\/p>\n\n\n\n<h2 class=\"gb-text gbp-section__headline\">Presentazione dell'azienda<\/h2>\n\n\n\n<div class=\"gb-text gbp-section__text gb-text-b17da596\">Zhengzhou Junchi Tech Co., Ltd. \u00e8 un'impresa di nuova tecnologia che si occupa di ricerca e sviluppo, produzione e vendita di sistemi HVAC per autoveicoli e prodotti correlati. I nostri prodotti sono principalmente nel campo del sistema HVAC automobilistico, del pannello di controllo, degli attuatori, dei motori, dei sensori delle valvole dell'acqua e di altri aspetti del software e dell'hardware dell'intero sistema. L'azienda fornisce anche l'assemblaggio di impianti di condizionamento HVAC per autoveicoli. I nostri prodotti sono ampiamente utilizzati nei settori dell'automobile, delle autovetture, dei camion, delle macchine edili e delle macchine agricole. Siamo il fornitore di parti di molte fabbriche di automobili in Cina e all'estero. lavoriamo direttamente con i nostri clienti per la risoluzione dei loro problemi. Junchi si concentra sulla soddisfazione del cliente e sul miglioramento della sua soddisfazione e fiducia. Il miglioramento continuo \u00e8 il principio di gestione, per fornire prodotti e servizi di alta qualit\u00e0.<br>Allo stesso tempo, Junchi ha superato e certificato il sistema di qualit\u00e0 ISO 9001:2015 e il sistema di gestione della qualit\u00e0 IATF16949:2016, il sistema di gestione della protezione ambientale ISO14001:2015 e il sistema di gestione della salute della carriera ISO45001:2018.<\/div>\n<\/div>\n<\/div>\n<\/div>\n\n\n\n<div class=\"gbp-section gb-element-f1f35e59\">\n<div class=\"gbp-section__inner gb-element-84fa265f\">\n<div class=\"gb-element-62e208aa\">\n<p class=\"gb-text gbp-section__tagline\">Statistiche<\/p>\n\n\n\n<h2 class=\"gb-text gbp-section__headline\">Specializzati in controllo del clima automobilistico, attuatori della porta di miscelazione e valvole di controllo del riscaldatore<\/h2>\n\n\n\n<ul class=\"gb-element-5fed47d5\">\n<li class=\"gb-element-9046a3db\">\n<div class=\"gb-text gb-text-356e9f85\">200x<\/div>\n\n\n\n<p class=\"gb-text gb-text-4cb76940\">Miglioramento della produttivit\u00e0<\/p>\n<\/li>\n\n\n\n<li class=\"gb-element-5cd3507b\">\n<div class=\"gb-text gb-text-5c808f44\">600+<\/div>\n\n\n\n<p class=\"gb-text gb-text-1b570773\">Recensioni a 5 stelle<\/p>\n<\/li>\n\n\n\n<li class=\"gb-element-b0a20451\">\n<div class=\"gb-text gb-text-54445df2\">200%<\/div>\n\n\n\n<p class=\"gb-text gb-text-8381aa84\">Aumento del rendimento<\/p>\n<\/li>\n\n\n\n<li class=\"gb-element-c298f2ef\">\n<div class=\"gb-text gb-text-5f8c07e3\">1000+<\/div>\n\n\n\n<p class=\"gb-text gb-text-a5091794\">Partner soddisfatti in tutto il mondo<\/p>\n<\/li>\n<\/ul>\n<\/div>\n\n\n\n<figure class=\"wp-block-image size-full\"><img loading=\"lazy\" decoding=\"async\" width=\"768\" height=\"512\" src=\"https:\/\/junchicn.com\/wp-content\/uploads\/2026\/03\/3-1.jpg\" alt=\"\" class=\"wp-image-48213\" srcset=\"https:\/\/junchicn.com\/wp-content\/uploads\/2026\/03\/3-1.jpg 768w, https:\/\/junchicn.com\/wp-content\/uploads\/2026\/03\/3-1-300x200.jpg 300w, https:\/\/junchicn.com\/wp-content\/uploads\/2026\/03\/3-1-18x12.jpg 18w\" sizes=\"auto, (max-width: 768px) 100vw, 768px\" \/><\/figure>\n<\/div>\n<\/div>","protected":false},"excerpt":{"rendered":"<p>About us At Zhengzhou Junchi Tech Co., Ltd., we engineer precision climate control solutions for the automotive industry \u2014 from HVAC assemblies to advanced electronic systems.Driven by innovation and rooted in integrity, we deliver reliable, high-performance products that meet global standards \u2014 because your trust is our most valuable asset. About us Junchi Company Values &#8230; <a title=\"Circa\" class=\"read-more\" href=\"https:\/\/junchicn.com\/it\/about\/\" aria-label=\"Per saperne di pi\u00f9 su About\">Leggi tutto<\/a><\/p>","protected":false},"author":1,"featured_media":0,"parent":0,"menu_order":0,"comment_status":"closed","ping_status":"closed","template":"","meta":{"footnotes":""},"class_list":["post-43520","page","type-page","status-publish"],"_links":{"self":[{"href":"https:\/\/junchicn.com\/it\/wp-json\/wp\/v2\/pages\/43520","targetHints":{"allow":["GET"]}}],"collection":[{"href":"https:\/\/junchicn.com\/it\/wp-json\/wp\/v2\/pages"}],"about":[{"href":"https:\/\/junchicn.com\/it\/wp-json\/wp\/v2\/types\/page"}],"author":[{"embeddable":true,"href":"https:\/\/junchicn.com\/it\/wp-json\/wp\/v2\/users\/1"}],"replies":[{"embeddable":true,"href":"https:\/\/junchicn.com\/it\/wp-json\/wp\/v2\/comments?post=43520"}],"version-history":[{"count":9,"href":"https:\/\/junchicn.com\/it\/wp-json\/wp\/v2\/pages\/43520\/revisions"}],"predecessor-version":[{"id":48220,"href":"https:\/\/junchicn.com\/it\/wp-json\/wp\/v2\/pages\/43520\/revisions\/48220"}],"wp:attachment":[{"href":"https:\/\/junchicn.com\/it\/wp-json\/wp\/v2\/media?parent=43520"}],"curies":[{"name":"wp","href":"https:\/\/api.w.org\/{rel}","templated":true}]}}