{"id":43520,"date":"2024-11-30T16:51:30","date_gmt":"2024-11-30T16:51:30","guid":{"rendered":"https:\/\/sites.generatepress.com\/linguo\/?page_id=43520"},"modified":"2026-03-23T09:17:44","modified_gmt":"2026-03-23T09:17:44","slug":"about","status":"publish","type":"page","link":"https:\/\/junchicn.com\/fr\/about\/","title":{"rendered":"A propos de"},"content":{"rendered":"<div class=\"gbp-section gb-element-acc9ec34\">\n<div class=\"gbp-section__inner gb-element-5605344e\">\n<div class=\"gb-element-9437f69b\">\n<p class=\"gb-text gbp-section__tagline\">A propos de nous<\/p>\n\n\n\n<h5 class=\"gb-text gbp-section__headline gb-text-0542e490\">At Zhengzhou Junchi Tech Co., Ltd., we engineer precision climate control solutions for the automotive industry \u2014 from HVAC assemblies to advanced electronic systems.<br>Driven by innovation and rooted in integrity, we deliver reliable, high-performance products that meet global standards \u2014 because your trust is our most valuable asset.<\/h5>\n\n\n\n<div class=\"gb-element-7acf17c2\"><\/div>\n<\/div>\n<\/div>\n<\/div>\n\n\n\n<div class=\"gbp-section gb-element-06c17342\">\n<div class=\"gbp-section__inner gb-element-06f3b13d\">\n<img loading=\"lazy\" decoding=\"async\" width=\"500\" height=\"590\" class=\"gb-media-0c481361\" title=\"1\" alt=\"\" src=\"http:\/\/junchicn.com\/wp-content\/uploads\/2025\/08\/1.jpg\" srcset=\"https:\/\/junchicn.com\/wp-content\/uploads\/2025\/08\/1.jpg 500w, https:\/\/junchicn.com\/wp-content\/uploads\/2025\/08\/1-254x300.jpg 254w\" sizes=\"auto, (max-width: 500px) 100vw, 500px\" \/>\n\n\n\n<div class=\"gb-element-997a73d6\">\n<p class=\"gb-text gbp-section__tagline gb-text-16d0d5dc\">A propos de nous<\/p>\n\n\n\n<h2 class=\"gb-text gbp-section__headline\">Valeurs de l'entreprise Junchi<\/h2>\n\n\n\n<p class=\"gb-text gbp-section__text\">Fournisseur professionnel mondial de syst\u00e8mes de chauffage, de ventilation et de climatisation (CVC) pour v\u00e9hicules verts.<\/p>\n\n\n\n<div class=\"gb-element-a9640d9e\">\n<div class=\"gb-element-8cd87cf1\">\n<span class=\"gb-shape gb-shape-1af24054\"><svg viewbox=\"0 0 256 256\" height=\"32\" width=\"32\" xmlns=\"http:\/\/www.w3.org\/2000\/svg\"><path d=\"M176.49,95.51a12,12,0,0,1,0,17l-56,56a12,12,0,0,1-17,0l-24-24a12,12,0,1,1,17-17L112,143l47.51-47.52A12,12,0,0,1,176.49,95.51ZM236,128A108,108,0,1,1,128,20,108.12,108.12,0,0,1,236,128Zm-24,0a84,84,0,1,0-84,84A84.09,84.09,0,0,0,212,128Z\"><\/path><\/svg><\/span>\n\n\n\n<div class=\"gb-element-ee8c36ac\">\n<h3 class=\"gb-text gb-text-d6f539e4\">L'innovation<\/h3>\n\n\n\n<p class=\"gb-text gb-text-4a43a638\">Accepter le changement - Nous favorisons une culture de l'innovation, o\u00f9 la cr\u00e9ativit\u00e9 et la r\u00e9flexion sur l'avenir sont les moteurs de notre \u00e9volution. Notre engagement \u00e0 rester \u00e0 la pointe du progr\u00e8s nous permet de proposer des solutions d'avant-garde \u00e0 nos clients.<\/p>\n<\/div>\n<\/div>\n\n\n\n<div class=\"gb-element-cbeb8c0e\">\n<span class=\"gb-shape gb-shape-e9d71d55\"><svg viewbox=\"0 0 256 256\" height=\"32\" width=\"32\" xmlns=\"http:\/\/www.w3.org\/2000\/svg\"><path d=\"M176.49,95.51a12,12,0,0,1,0,17l-56,56a12,12,0,0,1-17,0l-24-24a12,12,0,1,1,17-17L112,143l47.51-47.52A12,12,0,0,1,176.49,95.51ZM236,128A108,108,0,1,1,128,20,108.12,108.12,0,0,1,236,128Zm-24,0a84,84,0,1,0-84,84A84.09,84.09,0,0,0,212,128Z\"><\/path><\/svg><\/span>\n\n\n\n<div class=\"gb-element-6ce30ec1\">\n<h3 class=\"gb-text gb-text-a023e289\">Int\u00e9grit\u00e9<\/h3>\n\n\n\n<p class=\"gb-text gb-text-1e2b7074\">Renforcer la confiance - Au c\u0153ur de notre action, l'int\u00e9grit\u00e9 est la boussole qui guide nos actions. Nous nous engageons \u00e0 faire preuve de transparence, d'\u00e9thique et d'honn\u00eatet\u00e9 dans toutes nos transactions, en instaurant la confiance \u00e0 chaque interaction.<\/p>\n<\/div>\n<\/div>\n\n\n\n<div class=\"gb-element-195e2b74\">\n<span class=\"gb-shape gb-shape-63674600\"><svg viewbox=\"0 0 256 256\" height=\"32\" width=\"32\" xmlns=\"http:\/\/www.w3.org\/2000\/svg\"><path d=\"M176.49,95.51a12,12,0,0,1,0,17l-56,56a12,12,0,0,1-17,0l-24-24a12,12,0,1,1,17-17L112,143l47.51-47.52A12,12,0,0,1,176.49,95.51ZM236,128A108,108,0,1,1,128,20,108.12,108.12,0,0,1,236,128Zm-24,0a84,84,0,1,0-84,84A84.09,84.09,0,0,0,212,128Z\"><\/path><\/svg><\/span>\n\n\n\n<div class=\"gb-element-0a033fd9\">\n<h3 class=\"gb-text gb-text-cc1794d8\">L'excellence<\/h3>\n\n\n\n<p class=\"gb-text gb-text-70569cd2\">La recherche de l'excellence - Nous poursuivons sans rel\u00e2che notre qu\u00eate de l'excellence. Notre \u00e9quipe est anim\u00e9e par la passion de la qualit\u00e9 et veille \u00e0 ce que chaque produit et service d\u00e9passe les attentes et d\u00e9finisse les normes du secteur.<\/p>\n<\/div>\n<\/div>\n<\/div>\n<\/div>\n<\/div>\n<\/div>\n\n\n\n<div class=\"gbp-section gb-element-c74934da\">\n<div class=\"gbp-section__inner gb-element-54302684\">\n<div class=\"gb-element-6d5e3062\">\n<p class=\"gb-text gbp-section__tagline\">Instructeurs<\/p>\n\n\n\n<h2 class=\"gb-text gbp-section__headline\">Pr\u00e9sentation de l'entreprise<\/h2>\n\n\n\n<div class=\"gb-text gbp-section__text gb-text-b17da596\">Zhengzhou Junchi Tech Co. est une entreprise de nouvelles technologies qui se concentre sur la recherche et le d\u00e9veloppement, la production et la vente de syst\u00e8mes de chauffage, de ventilation et de climatisation (CVC) automobiles et de produits connexes. Nos produits se situent principalement dans le domaine du syst\u00e8me CVC automobile, du panneau de commande, des actionneurs, des moteurs, des capteurs de vanne d'eau et d'autres aspects du logiciel et du mat\u00e9riel de l'ensemble du syst\u00e8me. L'entreprise fournit \u00e9galement des assemblages de syst\u00e8mes de climatisation automobile. Nos produits sont largement utilis\u00e9s dans les domaines de l'automobile, des voitures particuli\u00e8res, des camions, des machines de construction et des machines agricoles. Nous sommes le fournisseur de pi\u00e8ces de nombreuses usines automobiles en Chine et \u00e0 l'\u00e9tranger. Nous travaillons directement avec nos clients pour r\u00e9soudre leurs probl\u00e8mes. Junchi Se concentrer sur la satisfaction du client et am\u00e9liorer la satisfaction et la confiance du client. Nous prenons l'am\u00e9lioration continue comme principe de gestion et fournissons des produits et des services de haute qualit\u00e9.<br>Dans le m\u00eame temps, Junchi a pass\u00e9 et certifi\u00e9 le syst\u00e8me de qualit\u00e9 ISO 9001:2015 et le syst\u00e8me de gestion de la qualit\u00e9 IATF16949:2016, le syst\u00e8me de gestion de la protection de l'environnement ISO14001:2015 et le syst\u00e8me de gestion de la sant\u00e9 professionnelle ISO45001:2018.<\/div>\n<\/div>\n<\/div>\n<\/div>\n\n\n\n<div class=\"gbp-section gb-element-f1f35e59\">\n<div class=\"gbp-section__inner gb-element-84fa265f\">\n<div class=\"gb-element-62e208aa\">\n<p class=\"gb-text gbp-section__tagline\">Statistiques<\/p>\n\n\n\n<h2 class=\"gb-text gbp-section__headline\">Sp\u00e9cialisation dans les syst\u00e8mes de climatisation automobile, les actionneurs de porte de m\u00e9lange et les vannes de commande de chauffage<\/h2>\n\n\n\n<ul class=\"gb-element-5fed47d5\">\n<li class=\"gb-element-9046a3db\">\n<div class=\"gb-text gb-text-356e9f85\">200x<\/div>\n\n\n\n<p class=\"gb-text gb-text-4cb76940\">Am\u00e9lioration de la productivit\u00e9<\/p>\n<\/li>\n\n\n\n<li class=\"gb-element-5cd3507b\">\n<div class=\"gb-text gb-text-5c808f44\">600+<\/div>\n\n\n\n<p class=\"gb-text gb-text-1b570773\">5 \u00e9toiles<\/p>\n<\/li>\n\n\n\n<li class=\"gb-element-b0a20451\">\n<div class=\"gb-text gb-text-54445df2\">200%<\/div>\n\n\n\n<p class=\"gb-text gb-text-8381aa84\">Augmenter le rendement<\/p>\n<\/li>\n\n\n\n<li class=\"gb-element-c298f2ef\">\n<div class=\"gb-text gb-text-5f8c07e3\">1000+<\/div>\n\n\n\n<p class=\"gb-text gb-text-a5091794\">Des partenaires satisfaits dans le monde entier<\/p>\n<\/li>\n<\/ul>\n<\/div>\n\n\n\n<figure class=\"wp-block-image size-full\"><img loading=\"lazy\" decoding=\"async\" width=\"768\" height=\"512\" src=\"https:\/\/junchicn.com\/wp-content\/uploads\/2026\/03\/3-1.jpg\" alt=\"\" class=\"wp-image-48213\" srcset=\"https:\/\/junchicn.com\/wp-content\/uploads\/2026\/03\/3-1.jpg 768w, https:\/\/junchicn.com\/wp-content\/uploads\/2026\/03\/3-1-300x200.jpg 300w, https:\/\/junchicn.com\/wp-content\/uploads\/2026\/03\/3-1-18x12.jpg 18w\" sizes=\"auto, (max-width: 768px) 100vw, 768px\" \/><\/figure>\n<\/div>\n<\/div>","protected":false},"excerpt":{"rendered":"<p>About us At Zhengzhou Junchi Tech Co., Ltd., we engineer precision climate control solutions for the automotive industry \u2014 from HVAC assemblies to advanced electronic systems.Driven by innovation and rooted in integrity, we deliver reliable, high-performance products that meet global standards \u2014 because your trust is our most valuable asset. About us Junchi Company Values &#8230; <a title=\"A propos de\" class=\"read-more\" href=\"https:\/\/junchicn.com\/fr\/about\/\" aria-label=\"En savoir plus sur About\">Lire plus<\/a><\/p>","protected":false},"author":1,"featured_media":0,"parent":0,"menu_order":0,"comment_status":"closed","ping_status":"closed","template":"","meta":{"footnotes":""},"class_list":["post-43520","page","type-page","status-publish"],"_links":{"self":[{"href":"https:\/\/junchicn.com\/fr\/wp-json\/wp\/v2\/pages\/43520","targetHints":{"allow":["GET"]}}],"collection":[{"href":"https:\/\/junchicn.com\/fr\/wp-json\/wp\/v2\/pages"}],"about":[{"href":"https:\/\/junchicn.com\/fr\/wp-json\/wp\/v2\/types\/page"}],"author":[{"embeddable":true,"href":"https:\/\/junchicn.com\/fr\/wp-json\/wp\/v2\/users\/1"}],"replies":[{"embeddable":true,"href":"https:\/\/junchicn.com\/fr\/wp-json\/wp\/v2\/comments?post=43520"}],"version-history":[{"count":9,"href":"https:\/\/junchicn.com\/fr\/wp-json\/wp\/v2\/pages\/43520\/revisions"}],"predecessor-version":[{"id":48220,"href":"https:\/\/junchicn.com\/fr\/wp-json\/wp\/v2\/pages\/43520\/revisions\/48220"}],"wp:attachment":[{"href":"https:\/\/junchicn.com\/fr\/wp-json\/wp\/v2\/media?parent=43520"}],"curies":[{"name":"wp","href":"https:\/\/api.w.org\/{rel}","templated":true}]}}