{"id":43520,"date":"2024-11-30T16:51:30","date_gmt":"2024-11-30T16:51:30","guid":{"rendered":"https:\/\/sites.generatepress.com\/linguo\/?page_id=43520"},"modified":"2026-03-23T09:17:44","modified_gmt":"2026-03-23T09:17:44","slug":"about","status":"publish","type":"page","link":"https:\/\/junchicn.com\/es\/about\/","title":{"rendered":"Acerca de"},"content":{"rendered":"<div class=\"gbp-section gb-element-acc9ec34\">\n<div class=\"gbp-section__inner gb-element-5605344e\">\n<div class=\"gb-element-9437f69b\">\n<p class=\"gb-text gbp-section__tagline\">Qui\u00e9nes somos<\/p>\n\n\n\n<h5 class=\"gb-text gbp-section__headline gb-text-0542e490\">At Zhengzhou Junchi Tech Co., Ltd., we engineer precision climate control solutions for the automotive industry \u2014 from HVAC assemblies to advanced electronic systems.<br>Driven by innovation and rooted in integrity, we deliver reliable, high-performance products that meet global standards \u2014 because your trust is our most valuable asset.<\/h5>\n\n\n\n<div class=\"gb-element-7acf17c2\"><\/div>\n<\/div>\n<\/div>\n<\/div>\n\n\n\n<div class=\"gbp-section gb-element-06c17342\">\n<div class=\"gbp-section__inner gb-element-06f3b13d\">\n<img loading=\"lazy\" decoding=\"async\" width=\"500\" height=\"590\" class=\"gb-media-0c481361\" title=\"1\" alt=\"\" src=\"http:\/\/junchicn.com\/wp-content\/uploads\/2025\/08\/1.jpg\" srcset=\"https:\/\/junchicn.com\/wp-content\/uploads\/2025\/08\/1.jpg 500w, https:\/\/junchicn.com\/wp-content\/uploads\/2025\/08\/1-254x300.jpg 254w\" sizes=\"auto, (max-width: 500px) 100vw, 500px\" \/>\n\n\n\n<div class=\"gb-element-997a73d6\">\n<p class=\"gb-text gbp-section__tagline gb-text-16d0d5dc\">Qui\u00e9nes somos<\/p>\n\n\n\n<h2 class=\"gb-text gbp-section__headline\">Valores de la empresa Junchi<\/h2>\n\n\n\n<p class=\"gb-text gbp-section__text\">Proveedor profesional mundial de sistemas de climatizaci\u00f3n GREEN para veh\u00edculos .<\/p>\n\n\n\n<div class=\"gb-element-a9640d9e\">\n<div class=\"gb-element-8cd87cf1\">\n<span class=\"gb-shape gb-shape-1af24054\"><svg viewbox=\"0 0 256 256\" height=\"32\" width=\"32\" xmlns=\"http:\/\/www.w3.org\/2000\/svg\"><path d=\"M176.49,95.51a12,12,0,0,1,0,17l-56,56a12,12,0,0,1-17,0l-24-24a12,12,0,1,1,17-17L112,143l47.51-47.52A12,12,0,0,1,176.49,95.51ZM236,128A108,108,0,1,1,128,20,108.12,108.12,0,0,1,236,128Zm-24,0a84,84,0,1,0-84,84A84.09,84.09,0,0,0,212,128Z\"><\/path><\/svg><\/span>\n\n\n\n<div class=\"gb-element-ee8c36ac\">\n<h3 class=\"gb-text gb-text-d6f539e4\">Innovaci\u00f3n<\/h3>\n\n\n\n<p class=\"gb-text gb-text-4a43a638\">Aceptar el cambio - Fomentamos una cultura de innovaci\u00f3n, en la que la creatividad y el pensamiento de futuro impulsan nuestra evoluci\u00f3n. Nuestro compromiso de mantenernos a la vanguardia garantiza que ofrezcamos soluciones de vanguardia a nuestros clientes.<\/p>\n<\/div>\n<\/div>\n\n\n\n<div class=\"gb-element-cbeb8c0e\">\n<span class=\"gb-shape gb-shape-e9d71d55\"><svg viewbox=\"0 0 256 256\" height=\"32\" width=\"32\" xmlns=\"http:\/\/www.w3.org\/2000\/svg\"><path d=\"M176.49,95.51a12,12,0,0,1,0,17l-56,56a12,12,0,0,1-17,0l-24-24a12,12,0,1,1,17-17L112,143l47.51-47.52A12,12,0,0,1,176.49,95.51ZM236,128A108,108,0,1,1,128,20,108.12,108.12,0,0,1,236,128Zm-24,0a84,84,0,1,0-84,84A84.09,84.09,0,0,0,212,128Z\"><\/path><\/svg><\/span>\n\n\n\n<div class=\"gb-element-6ce30ec1\">\n<h3 class=\"gb-text gb-text-a023e289\">Integridad<\/h3>\n\n\n\n<p class=\"gb-text gb-text-1e2b7074\">Mantener la confianza - Para nosotros, la integridad es la br\u00fajula que gu\u00eda nuestras acciones. Estamos comprometidos con la transparencia, la conducta \u00e9tica y la honestidad en todos nuestros tratos, generando confianza en cada interacci\u00f3n.<\/p>\n<\/div>\n<\/div>\n\n\n\n<div class=\"gb-element-195e2b74\">\n<span class=\"gb-shape gb-shape-63674600\"><svg viewbox=\"0 0 256 256\" height=\"32\" width=\"32\" xmlns=\"http:\/\/www.w3.org\/2000\/svg\"><path d=\"M176.49,95.51a12,12,0,0,1,0,17l-56,56a12,12,0,0,1-17,0l-24-24a12,12,0,1,1,17-17L112,143l47.51-47.52A12,12,0,0,1,176.49,95.51ZM236,128A108,108,0,1,1,128,20,108.12,108.12,0,0,1,236,128Zm-24,0a84,84,0,1,0-84,84A84.09,84.09,0,0,0,212,128Z\"><\/path><\/svg><\/span>\n\n\n\n<div class=\"gb-element-0a033fd9\">\n<h3 class=\"gb-text gb-text-cc1794d8\">Excelencia<\/h3>\n\n\n\n<p class=\"gb-text gb-text-70569cd2\">Nos esforzamos por alcanzar la grandeza: buscamos la excelencia sin descanso. Nuestro equipo se mueve por la pasi\u00f3n por la calidad, garantizando que cada producto y servicio supere las expectativas y establezca el est\u00e1ndar del sector.<\/p>\n<\/div>\n<\/div>\n<\/div>\n<\/div>\n<\/div>\n<\/div>\n\n\n\n<div class=\"gbp-section gb-element-c74934da\">\n<div class=\"gbp-section__inner gb-element-54302684\">\n<div class=\"gb-element-6d5e3062\">\n<p class=\"gb-text gbp-section__tagline\">Instructores<\/p>\n\n\n\n<h2 class=\"gb-text gbp-section__headline\">Presentaci\u00f3n de la empresa<\/h2>\n\n\n\n<div class=\"gb-text gbp-section__text gb-text-b17da596\">Zhengzhou Junchi Tech Co., Ltd. es una empresa de nuevas tecnolog\u00edas centrada en I+D, producci\u00f3n y venta de sistemas de climatizaci\u00f3n para autom\u00f3viles y productos relacionados. Nuestros productos se centran principalmente en el campo del sistema HVAC para autom\u00f3viles, el panel de control, los actuadores, los motores, los sensores de v\u00e1lvulas de agua y otros aspectos de todo el sistema de software y hardware. La empresa tambi\u00e9n ofrece montaje de aire acondicionado para autom\u00f3viles HVAC. Nuestros productos son ampliamente utilizados en los campos del autom\u00f3vil, turismo, cami\u00f3n, maquinaria de construcci\u00f3n y maquinaria agr\u00edcola. Somos el proveedor de piezas de muchas f\u00e1bricas de autom\u00f3viles dentro y fuera de China. trabajamos directamente con nuestros clientes en la resoluci\u00f3n de sus problemas. Junchi Centr\u00e1ndose en la satisfacci\u00f3n del cliente y la mejora de la satisfacci\u00f3n del cliente y la confianza. Tomando la mejora continua como principio de gesti\u00f3n, proporcionando productos y servicios de alta calidad.<br>Al mismo tiempo, Junchi ha aprobado y certificado el sistema de gesti\u00f3n de calidad ISO 9001:2015 y el sistema de gesti\u00f3n de calidad IATF16949:2016, el sistema de gesti\u00f3n de protecci\u00f3n del medio ambiente ISO14001:2015 y el sistema de gesti\u00f3n de carrera saludable ISO45001:2018.<\/div>\n<\/div>\n<\/div>\n<\/div>\n\n\n\n<div class=\"gbp-section gb-element-f1f35e59\">\n<div class=\"gbp-section__inner gb-element-84fa265f\">\n<div class=\"gb-element-62e208aa\">\n<p class=\"gb-text gbp-section__tagline\">Estad\u00edsticas<\/p>\n\n\n\n<h2 class=\"gb-text gbp-section__headline\">Especialistas en climatizaci\u00f3n de autom\u00f3viles, actuadores de puerta de mezcla y v\u00e1lvulas de control de calefacci\u00f3n<\/h2>\n\n\n\n<ul class=\"gb-element-5fed47d5\">\n<li class=\"gb-element-9046a3db\">\n<div class=\"gb-text gb-text-356e9f85\">200x<\/div>\n\n\n\n<p class=\"gb-text gb-text-4cb76940\">Mejora de la productividad<\/p>\n<\/li>\n\n\n\n<li class=\"gb-element-5cd3507b\">\n<div class=\"gb-text gb-text-5c808f44\">600+<\/div>\n\n\n\n<p class=\"gb-text gb-text-1b570773\">5 Estrellas<\/p>\n<\/li>\n\n\n\n<li class=\"gb-element-b0a20451\">\n<div class=\"gb-text gb-text-54445df2\">200%<\/div>\n\n\n\n<p class=\"gb-text gb-text-8381aa84\">Aumentar el rendimiento<\/p>\n<\/li>\n\n\n\n<li class=\"gb-element-c298f2ef\">\n<div class=\"gb-text gb-text-5f8c07e3\">1000+<\/div>\n\n\n\n<p class=\"gb-text gb-text-a5091794\">Socios satisfechos en todo el mundo<\/p>\n<\/li>\n<\/ul>\n<\/div>\n\n\n\n<figure class=\"wp-block-image size-full\"><img loading=\"lazy\" decoding=\"async\" width=\"768\" height=\"512\" src=\"https:\/\/junchicn.com\/wp-content\/uploads\/2026\/03\/3-1.jpg\" alt=\"\" class=\"wp-image-48213\" srcset=\"https:\/\/junchicn.com\/wp-content\/uploads\/2026\/03\/3-1.jpg 768w, https:\/\/junchicn.com\/wp-content\/uploads\/2026\/03\/3-1-300x200.jpg 300w, https:\/\/junchicn.com\/wp-content\/uploads\/2026\/03\/3-1-18x12.jpg 18w\" sizes=\"auto, (max-width: 768px) 100vw, 768px\" \/><\/figure>\n<\/div>\n<\/div>","protected":false},"excerpt":{"rendered":"<p>About us At Zhengzhou Junchi Tech Co., Ltd., we engineer precision climate control solutions for the automotive industry \u2014 from HVAC assemblies to advanced electronic systems.Driven by innovation and rooted in integrity, we deliver reliable, high-performance products that meet global standards \u2014 because your trust is our most valuable asset. About us Junchi Company Values &#8230; <a title=\"Acerca de\" class=\"read-more\" href=\"https:\/\/junchicn.com\/es\/about\/\" aria-label=\"Leer m\u00e1s sobre About\">Leer m\u00e1s<\/a><\/p>","protected":false},"author":1,"featured_media":0,"parent":0,"menu_order":0,"comment_status":"closed","ping_status":"closed","template":"","meta":{"footnotes":""},"class_list":["post-43520","page","type-page","status-publish"],"_links":{"self":[{"href":"https:\/\/junchicn.com\/es\/wp-json\/wp\/v2\/pages\/43520","targetHints":{"allow":["GET"]}}],"collection":[{"href":"https:\/\/junchicn.com\/es\/wp-json\/wp\/v2\/pages"}],"about":[{"href":"https:\/\/junchicn.com\/es\/wp-json\/wp\/v2\/types\/page"}],"author":[{"embeddable":true,"href":"https:\/\/junchicn.com\/es\/wp-json\/wp\/v2\/users\/1"}],"replies":[{"embeddable":true,"href":"https:\/\/junchicn.com\/es\/wp-json\/wp\/v2\/comments?post=43520"}],"version-history":[{"count":9,"href":"https:\/\/junchicn.com\/es\/wp-json\/wp\/v2\/pages\/43520\/revisions"}],"predecessor-version":[{"id":48220,"href":"https:\/\/junchicn.com\/es\/wp-json\/wp\/v2\/pages\/43520\/revisions\/48220"}],"wp:attachment":[{"href":"https:\/\/junchicn.com\/es\/wp-json\/wp\/v2\/media?parent=43520"}],"curies":[{"name":"wp","href":"https:\/\/api.w.org\/{rel}","templated":true}]}}