{"id":3,"date":"2025-08-04T01:41:18","date_gmt":"2025-08-04T01:41:18","guid":{"rendered":"https:\/\/junchicn.com\/?page_id=3"},"modified":"2025-08-08T02:12:28","modified_gmt":"2025-08-08T02:12:28","slug":"privacy-policy","status":"publish","type":"page","link":"https:\/\/junchicn.com\/de\/privacy-policy\/","title":{"rendered":"Datenschutzbestimmungen"},"content":{"rendered":"<p><strong>Datenschutzrichtlinie f\u00fcr Zhengzhou Junchi Tech Co, Ltd.<\/strong><br><em>(Datum des Inkrafttretens: 2025.1.1)<\/em><\/p>\n\n\n\n<p><strong>Einf\u00fchrung<\/strong><br>Zhengzhou Junchi Tech Co., Ltd. (\"Unternehmen\", \"wir\", \"uns\" oder \"unser\") betreibt die Website&nbsp;<em><a href=\"http:\/\/junchicn.com\/de\/\" target=\"_blank\" rel=\"noreferrer noopener\">www.junchicn.com<\/a><\/em>&nbsp;als Plattform zur Pr\u00e4sentation unserer HVAC-Komponenten f\u00fcr die Automobilindustrie und verwandter Produkte. In dieser Datenschutzrichtlinie wird erl\u00e4utert, wie wir personenbezogene Daten, die Sie uns \u00fcber unsere Website oder Kommunikationskan\u00e4le zur Verf\u00fcgung stellen, erfassen, verwenden und sch\u00fctzen.<\/p>\n\n\n\n<p><strong>Gesammelte Informationen<\/strong><\/p>\n\n\n\n<ol class=\"wp-block-list\">\n<li><strong>Freiwillig zur Verf\u00fcgung gestellte Informationen<\/strong>\n<ul class=\"wp-block-list\">\n<li>Wenn Sie uns per E-Mail kontaktieren (<em><a href=\"mailto:info@junchicn.com\" target=\"_blank\" rel=\"noreferrer noopener\">info@junchicn.com<\/a><\/em>) oder \u00fcber das Kontaktformular auf unserer Website, k\u00f6nnen wir diese Daten erfassen:\n<ul class=\"wp-block-list\">\n<li>Ihr Name, Ihr Firmenname, Ihre E-Mail-Adresse, Ihre Telefonnummer und alle anderen Angaben, die Sie freiwillig machen, um die gesch\u00e4ftliche Kommunikation zu erleichtern.<\/li>\n<\/ul>\n<\/li>\n<\/ul>\n<\/li>\n\n\n\n<li><strong>Automatisch gesammelte Informationen<\/strong>\n<ul class=\"wp-block-list\">\n<li>Wir k\u00f6nnen nicht-personenbezogene Daten f\u00fcr analytische Zwecke protokollieren, wie z. B:\n<ul class=\"wp-block-list\">\n<li>IP-Adressen, Browsertyp, Ger\u00e4teinformationen und die auf unserer Website besuchten Seiten.<\/li>\n<\/ul>\n<\/li>\n\n\n\n<li>Diese Daten sind aggregiert und anonymisiert und lassen keine R\u00fcckschl\u00fcsse auf einzelne Nutzer zu.<\/li>\n<\/ul>\n<\/li>\n<\/ol>\n\n\n\n<p><strong>Wie wir Ihre Informationen verwenden<\/strong><\/p>\n\n\n\n<ul class=\"wp-block-list\">\n<li>Um Ihre Anfragen zu beantworten, Produktinformationen bereitzustellen oder technische Spezifikationen weiterzugeben.<\/li>\n\n\n\n<li>Zur Verbesserung des Inhalts unserer Website und der Benutzerfreundlichkeit auf der Grundlage aggregierter Nutzungsmuster.<\/li>\n\n\n\n<li>F\u00fcr interne Verwaltungszwecke, wie z. B. die F\u00fchrung von Aufzeichnungen \u00fcber Mitteilungen.<\/li>\n<\/ul>\n\n\n\n<p><strong>Weitergabe und Offenlegung von Daten<\/strong><\/p>\n\n\n\n<ul class=\"wp-block-list\">\n<li>Wir verkaufen, handeln oder vermieten Ihre pers\u00f6nlichen Daten nicht an Dritte.<\/li>\n\n\n\n<li>Ihre Daten k\u00f6nnen mit vertrauensw\u00fcrdigen Dienstleistern (z. B. E-Mail-Hosts, Website-Analyse-Tools) ausschlie\u00dflich zum Zweck des Betriebs und der Pflege unserer Website ausgetauscht werden.<\/li>\n\n\n\n<li>Wir k\u00f6nnen Informationen offenlegen, wenn dies gesetzlich vorgeschrieben ist (z. B. Gerichtsbeschl\u00fcsse, rechtliche Verfahren).<\/li>\n<\/ul>\n\n\n\n<p><strong>Datensicherheit<\/strong><\/p>\n\n\n\n<ul class=\"wp-block-list\">\n<li>Wir ergreifen angemessene Sicherheitsma\u00dfnahmen, um Ihre Daten vor unbefugtem Zugriff, Ver\u00e4nderung oder Offenlegung zu sch\u00fctzen. Allerdings ist keine Methode der Daten\u00fcbertragung \u00fcber das Internet v\u00f6llig sicher, und wir k\u00f6nnen keine absolute Sicherheit garantieren.<\/li>\n<\/ul>\n\n\n\n<p><strong>Ihre Rechte<\/strong><\/p>\n\n\n\n<ul class=\"wp-block-list\">\n<li><strong>Zugang\/Korrektur<\/strong>: Sie k\u00f6nnen Ihre pers\u00f6nlichen Daten \u00fcberpr\u00fcfen oder aktualisieren, indem Sie sich mit uns in Verbindung setzen.<\/li>\n\n\n\n<li><strong>L\u00f6schung<\/strong>: Sie k\u00f6nnen vorbehaltlich gesetzlicher Verpflichtungen die L\u00f6schung Ihrer Daten verlangen.<\/li>\n\n\n\n<li><strong>Opt-Out<\/strong>: Sie k\u00f6nnen sich jederzeit von den Marketingmitteilungen abmelden.<\/li>\n<\/ul>\n\n\n\n<p><strong>Politische Aktualisierungen<\/strong><br>Wir behalten uns das Recht vor, diese Datenschutzrichtlinie regelm\u00e4\u00dfig zu aktualisieren. \u00c4nderungen werden auf dieser Seite mit dem aktualisierten Datum des Inkrafttretens ver\u00f6ffentlicht.<\/p>\n\n\n\n<p><strong>Kontakt<\/strong><br>Wenn Sie Fragen zu dieser Richtlinie oder Ihren Daten haben, senden Sie uns bitte eine E-Mail an&nbsp;<em><a href=\"mailto:info@junchicn.com\" target=\"_blank\" rel=\"noreferrer noopener\">info@junchicn.com<\/a><\/em>&nbsp;oder besuchen Sie&nbsp;<em><a href=\"http:\/\/junchicn.com\/de\/\" target=\"_blank\" rel=\"noreferrer noopener\">www.junchicn.com<\/a><\/em>.<\/p>\n\n\n\n<p><strong>Hinweis<\/strong>: Diese Richtlinie gilt ausschlie\u00dflich f\u00fcr Daten, die durch&nbsp;<em><a href=\"http:\/\/junchicn.com\/de\/\" target=\"_blank\" rel=\"noreferrer noopener\">www.junchicn.com<\/a><\/em>&nbsp;und E-Mail-Kommunikation. Sie gilt nicht f\u00fcr Websites Dritter, die von unserer Plattform aus verlinkt sind.<\/p>\n\n\n\n<hr class=\"wp-block-separator has-alpha-channel-opacity\"\/>\n\n\n\n<p><em>Zhengzhou Junchi Tech Co., Ltd. verpflichtet sich zu Transparenz und Einhaltung der geltenden Datenschutzgesetze. F\u00fcr rechtliche Beratung wenden Sie sich bitte an einen qualifizierten Fachmann.<\/em><\/p>\n\n\n\n<p><\/p>","protected":false},"excerpt":{"rendered":"<p>Privacy Policy for Zhengzhou Junchi Tech Co., Ltd.(Effective Date: 2025.1.1) IntroductionZhengzhou Junchi Tech Co., Ltd. (&#8220;Company,&#8221; &#8220;we,&#8221; &#8220;us,&#8221; or &#8220;our&#8221;) operates the website&nbsp;www.junchicn.com&nbsp;as a platform to showcase our automotive HVAC components and related products. This Privacy Policy explains how we collect, use, and protect any personal information you provide to us through our website or &#8230; <a title=\"Datenschutzbestimmungen\" class=\"read-more\" href=\"https:\/\/junchicn.com\/de\/privacy-policy\/\" aria-label=\"Mehr Informationen \u00fcber Privacy Policy\">Weiterlesen &#8230;<\/a><\/p>","protected":false},"author":1,"featured_media":0,"parent":0,"menu_order":0,"comment_status":"closed","ping_status":"open","template":"","meta":{"footnotes":""},"class_list":["post-3","page","type-page","status-publish"],"_links":{"self":[{"href":"https:\/\/junchicn.com\/de\/wp-json\/wp\/v2\/pages\/3","targetHints":{"allow":["GET"]}}],"collection":[{"href":"https:\/\/junchicn.com\/de\/wp-json\/wp\/v2\/pages"}],"about":[{"href":"https:\/\/junchicn.com\/de\/wp-json\/wp\/v2\/types\/page"}],"author":[{"embeddable":true,"href":"https:\/\/junchicn.com\/de\/wp-json\/wp\/v2\/users\/1"}],"replies":[{"embeddable":true,"href":"https:\/\/junchicn.com\/de\/wp-json\/wp\/v2\/comments?post=3"}],"version-history":[{"count":1,"href":"https:\/\/junchicn.com\/de\/wp-json\/wp\/v2\/pages\/3\/revisions"}],"predecessor-version":[{"id":48010,"href":"https:\/\/junchicn.com\/de\/wp-json\/wp\/v2\/pages\/3\/revisions\/48010"}],"wp:attachment":[{"href":"https:\/\/junchicn.com\/de\/wp-json\/wp\/v2\/media?parent=3"}],"curies":[{"name":"wp","href":"https:\/\/api.w.org\/{rel}","templated":true}]}}